{"id":14854,"date":"2021-12-01T18:39:34","date_gmt":"2021-12-01T18:39:34","guid":{"rendered":"https:\/\/dev.devcct.ca\/?page_id=14854"},"modified":"2024-11-22T11:58:43","modified_gmt":"2024-11-22T16:58:43","slug":"about-rqt","status":"publish","type":"page","link":"https:\/\/telesantequebec.ca\/en\/rqt\/about-rqt\/","title":{"rendered":"About the RQT"},"content":{"rendered":"<p>[et_pb_section fb_built=&#8221;1&#8243; _builder_version=&#8221;4.16&#8243; _module_preset=&#8221;4339b306-3696-4609-bcd4-3ac31f55133c&#8221; locked=&#8221;off&#8221; global_colors_info=&#8221;{}&#8221;][et_pb_row column_structure=&#8221;3_4,1_4&#8243; _builder_version=&#8221;4.16&#8243; _module_preset=&#8221;20197f48-1e8e-4644-9423-f7edeae40f4e&#8221; locked=&#8221;off&#8221; global_colors_info=&#8221;{}&#8221;][et_pb_column type=&#8221;3_4&#8243; _builder_version=&#8221;4.16&#8243; _module_preset=&#8221;default&#8221; global_colors_info=&#8221;{}&#8221;][et_pb_text _builder_version=&#8221;4.16&#8243; _module_preset=&#8221;dbb17b3b-deee-4e7d-ad2e-dce4f3f017ac&#8221; global_colors_info=&#8221;{}&#8221;]<\/p>\n<h1>About the R\u00e9seau qu\u00e9b\u00e9cois de la t\u00e9l\u00e9sant\u00e9 <\/h1>\n<p>[\/et_pb_text][\/et_pb_column][et_pb_column type=&#8221;1_4&#8243; _builder_version=&#8221;4.16&#8243; _module_preset=&#8221;default&#8221; global_colors_info=&#8221;{}&#8221;][\/et_pb_column][\/et_pb_row][\/et_pb_section][et_pb_section fb_built=&#8221;1&#8243; _builder_version=&#8221;4.16&#8243; _module_preset=&#8221;default&#8221; custom_margin=&#8221;0px||||false|false&#8221; custom_padding=&#8221;0px||||false|false&#8221; locked=&#8221;off&#8221; global_colors_info=&#8221;{}&#8221;][et_pb_row column_structure=&#8221;3_4,1_4&#8243; _builder_version=&#8221;4.16&#8243; _module_preset=&#8221;31724688-fcf5-49af-b7b9-ed2872c8590f&#8221; locked=&#8221;off&#8221; global_colors_info=&#8221;{}&#8221;][et_pb_column type=&#8221;3_4&#8243; _builder_version=&#8221;4.16&#8243; _module_preset=&#8221;default&#8221; global_colors_info=&#8221;{}&#8221;][et_pb_text _builder_version=&#8221;4.27.2&#8243; _module_preset=&#8221;59593f07-cc54-47f9-96c0-39778ce0fe2f&#8221; hover_enabled=&#8221;0&#8243; global_colors_info=&#8221;{}&#8221; sticky_enabled=&#8221;0&#8243;]The R\u00e9seau qu\u00e9b\u00e9cois de la t\u00e9l\u00e9sant\u00e9 (RQT) relies on the collaboration of the minist\u00e8re de la Sant\u00e9 et des Services sociaux (MSSS), the four telehealth coordination centres and the 34 establishments in the health and social services network.[\/et_pb_text][\/et_pb_column][et_pb_column type=&#8221;1_4&#8243; _builder_version=&#8221;4.16&#8243; _module_preset=&#8221;default&#8221; global_colors_info=&#8221;{}&#8221;][\/et_pb_column][\/et_pb_row][et_pb_row _builder_version=&#8221;4.16&#8243; _module_preset=&#8221;31724688-fcf5-49af-b7b9-ed2872c8590f&#8221; global_colors_info=&#8221;{}&#8221;][et_pb_column type=&#8221;4_4&#8243; module_class=&#8221;rqt-navigation-column&#8221; _builder_version=&#8221;4.16&#8243; _module_preset=&#8221;default&#8221; global_colors_info=&#8221;{}&#8221;][et_pb_text _builder_version=&#8221;4.27.2&#8243; _module_preset=&#8221;6a63847f-9b6b-474e-984a-17803d54e60d&#8221; hover_enabled=&#8221;0&#8243; global_colors_info=&#8221;{}&#8221; sticky_enabled=&#8221;0&#8243;]<\/p>\n<h2><a href=\"\/en\/rqt\/about-rqt\/mission\/\">Mission, vision and values<\/a><\/h2>\n<p>Information on the RQT&#8217;s commitment and values \u200b\u200bthat guide its actions.<\/p>\n<p><a class=\"rqt-link rqt-link-more\" href=\"\/en\/rqt\/about-rqt\/mission\/\">Show more<\/a>[\/et_pb_text][et_pb_text _builder_version=&#8221;4.27.2&#8243; _module_preset=&#8221;6a63847f-9b6b-474e-984a-17803d54e60d&#8221; hover_enabled=&#8221;0&#8243; global_colors_info=&#8221;{}&#8221; sticky_enabled=&#8221;0&#8243;]<\/p>\n<h2><a href=\"\/en\/rqt\/about-rqt\/governance\/\">Telehealth governance<\/a><\/h2>\n<p>Description of\u202fRQT&#8217;s governance mode,\u202ftelehealth key actors, as well as levels of support for health network users.<\/p>\n<p><a class=\"rqt-link rqt-link-more\" href=\"\/en\/rqt\/about-rqt\/governance\/\">Show more<\/a>[\/et_pb_text][\/et_pb_column][\/et_pb_row][\/et_pb_section]<\/p>\n\t\t\t<div class=\"rqt-editorial-date-row rqt-global-text\">\n\t\t\t\t<p class=\"rqt-editorial-date\">Last update: November 28, 2024 <\/p>\n\n\t\t\t<\/div>\t\t\t\t\n\t\t","protected":false},"excerpt":{"rendered":"<p>About the R\u00e9seau qu\u00e9b\u00e9cois de la t\u00e9l\u00e9sant\u00e9 The R\u00e9seau qu\u00e9b\u00e9cois de la t\u00e9l\u00e9sant\u00e9 (RQT) relies on the collaboration of the minist\u00e8re de la Sant\u00e9 et des Services sociaux (MSSS), the four telehealth coordination centres and the 34 establishments in the health and social services network.Mission, vision and values Information on the RQT&#8217;s commitment and values [&hellip;]<\/p>\n","protected":false},"author":17,"featured_media":0,"parent":9004111222081923,"menu_order":0,"comment_status":"closed","ping_status":"closed","template":"page-navigation.php","meta":{"_acf_changed":false,"_et_pb_use_builder":"on","_et_pb_old_content":"","_et_gb_content_width":"","footnotes":""},"class_list":["post-14854","page","type-page","status-publish","hentry"],"acf":[],"_links":{"self":[{"href":"https:\/\/telesantequebec.ca\/en\/wp-json\/wp\/v2\/pages\/14854","targetHints":{"allow":["GET"]}}],"collection":[{"href":"https:\/\/telesantequebec.ca\/en\/wp-json\/wp\/v2\/pages"}],"about":[{"href":"https:\/\/telesantequebec.ca\/en\/wp-json\/wp\/v2\/types\/page"}],"author":[{"embeddable":true,"href":"https:\/\/telesantequebec.ca\/en\/wp-json\/wp\/v2\/users\/17"}],"replies":[{"embeddable":true,"href":"https:\/\/telesantequebec.ca\/en\/wp-json\/wp\/v2\/comments?post=14854"}],"version-history":[{"count":9,"href":"https:\/\/telesantequebec.ca\/en\/wp-json\/wp\/v2\/pages\/14854\/revisions"}],"predecessor-version":[{"id":9004111222087916,"href":"https:\/\/telesantequebec.ca\/en\/wp-json\/wp\/v2\/pages\/14854\/revisions\/9004111222087916"}],"up":[{"embeddable":true,"href":"https:\/\/telesantequebec.ca\/en\/wp-json\/wp\/v2\/pages\/9004111222081923"}],"wp:attachment":[{"href":"https:\/\/telesantequebec.ca\/en\/wp-json\/wp\/v2\/media?parent=14854"}],"curies":[{"name":"wp","href":"https:\/\/api.w.org\/{rel}","templated":true}]}}