{"id":9990,"date":"2021-03-17T15:50:17","date_gmt":"2021-03-17T15:50:17","guid":{"rendered":"https:\/\/dev.devcct.ca\/about\/mission-vision-and-values\/"},"modified":"2025-08-27T14:22:23","modified_gmt":"2025-08-27T18:22:23","slug":"mission","status":"publish","type":"page","link":"https:\/\/telesantequebec.ca\/en\/rqt\/about-rqt\/mission\/","title":{"rendered":"Mission, vision and values"},"content":{"rendered":"<p>[et_pb_section fb_built=&#8221;1&#8243; _builder_version=&#8221;4.16&#8243; _module_preset=&#8221;4339b306-3696-4609-bcd4-3ac31f55133c&#8221; collapsed=&#8221;off&#8221; global_colors_info=&#8221;{}&#8221;][et_pb_row column_structure=&#8221;3_4,1_4&#8243; _builder_version=&#8221;4.24.0&#8243; _module_preset=&#8221;20197f48-1e8e-4644-9423-f7edeae40f4e&#8221; global_colors_info=&#8221;{}&#8221;][et_pb_column type=&#8221;3_4&#8243; _builder_version=&#8221;4.16&#8243; _module_preset=&#8221;default&#8221; global_colors_info=&#8221;{}&#8221;][et_pb_text _builder_version=&#8221;4.16&#8243; _module_preset=&#8221;dbb17b3b-deee-4e7d-ad2e-dce4f3f017ac&#8221; global_colors_info=&#8221;{}&#8221;]<\/p>\n<h1>Mission, vision and values<\/h1>\n<p>[\/et_pb_text][\/et_pb_column][et_pb_column type=&#8221;1_4&#8243; _builder_version=&#8221;4.16&#8243; _module_preset=&#8221;default&#8221; global_colors_info=&#8221;{}&#8221;][\/et_pb_column][\/et_pb_row][\/et_pb_section][et_pb_section fb_built=&#8221;1&#8243; _builder_version=&#8221;4.16&#8243; _module_preset=&#8221;9e08aaa7-5240-490e-830a-deb1c3d19b46&#8243; collapsed=&#8221;off&#8221; global_colors_info=&#8221;{}&#8221;][et_pb_row column_structure=&#8221;3_4,1_4&#8243; _builder_version=&#8221;4.24.0&#8243; _module_preset=&#8221;31724688-fcf5-49af-b7b9-ed2872c8590f&#8221; global_colors_info=&#8221;{}&#8221;][et_pb_column type=&#8221;3_4&#8243; _builder_version=&#8221;4.16&#8243; _module_preset=&#8221;default&#8221; global_colors_info=&#8221;{}&#8221;][et_pb_text _builder_version=&#8221;4.27.2&#8243; _module_preset=&#8221;09877fa7-6fd0-49bf-842c-721526d93ff2&#8243; text_font=&#8221;Open Sans||||||||&#8221; custom_css_main_element=&#8221;  font-size: 16px;||  font-weight: normal;||  font-stretch: normal;||  font-style: normal;||  line-height: 1.5;||  letter-spacing: normal;||  text-align: left;||  color: #223654;&#8221; global_colors_info=&#8221;{}&#8221;]The R\u00e9seau qu\u00e9b\u00e9cois de la t\u00e9l\u00e9sant\u00e9 (RQT) mobilizes expert resources in the clinical, technological, management and communications fields. This enables it to offer province-wide strategies in support of digital transformation. Through its role in monitoring, supporting, identifying directions and developing best practices, the RQT plays a central role in the implementation and development of virtual care and services in Quebec.<\/p>\n<h2>Mission<\/h2>\n<p>The RQT is the benchmark for virtual care and services. It supports the digital transformation of the health and social services network in response to the evolving needs of the population and healthcare professionals.<\/p>\n<p>More specifically, RQT&#8217;s current actions are geared towards the following goals:<\/p>\n<ul>\n<li>Increasing accessibility to services<\/li>\n<li>Support the continuum of care<\/li>\n<li>Optimize use of resources<\/li>\n<li>Encouraging user participation<\/li>\n<li>Communicate effectively in a constantly changing environment<\/li>\n<\/ul>\n<h2>Vision<\/h2>\n<p>Accompany and support professionals in the implementation of virtual care and services throughout Quebec, in order to increase accessibility to services and optimize the organization of healthcare delivery to users.<\/p>\n<h2>Values<\/h2>\n<p>The values that animate the RQT players are the following:<\/p>\n<p><strong>Innovation<\/strong>: Innovation is at the heart of our approach. We encourage the adoption of new technologies and innovative practices to improve the accessibility and quality of care and services throughout Quebec.<\/p>\n<p><strong>Collaboration<\/strong>: We firmly believe in collaboration between RQT resources, managers, healthcare professionals, users and partners. This fosters the sharing of expertise to enrich the services offered.<\/p>\n<p><strong>Cooperation<\/strong>: Cooperation is essential to build bridges between the various stakeholders and to ensure efficient and harmonious organization of telehealth care and services.<\/p>\n<p><strong>Rigor<\/strong>: We are committed to ensuring reliable, safe and relevant practices, with the aim of promoting the quality of virtual care and services offered to the population.<\/p>\n<p><strong>Agility<\/strong>: Agility enables us to adapt quickly to technological advances and the evolving needs of the population and healthcare professionals.[\/et_pb_text][et_pb_text module_class=&#8221;rqt-global-text&#8221; _builder_version=&#8221;4.27.2&#8243; _module_preset=&#8221;0a239761-29ce-41f2-a228-402cc266d97a&#8221; locked=&#8221;off&#8221; global_colors_info=&#8221;{}&#8221;]<\/p>\n<div class=\"rqt-avis-accent rqt-border-color-lightblue \">To learn more about the RQT&#8217;s commitments, consult the document <a href=\"\/wp-content\/uploads\/2024\/10\/orientations_telesante_2024-2028_202410.pdf\">Orientations t\u00e9l\u00e9sant\u00e9 2024-2028 <span class=\"rqt-nbsp\">(in French only)<\/span> <span class=\"rqt-infofile\"><span class=\"rqt-nbsp\">(PDF 738 Ko)<\/span><\/span><\/a>. You&#8217;ll find details of our mission, vision, values, coordinating mechanisms (committees), goals, areas of specialization and areas of expertise.<\/div>\n<p>[\/et_pb_text][\/et_pb_column][et_pb_column type=&#8221;1_4&#8243; _builder_version=&#8221;4.16&#8243; _module_preset=&#8221;default&#8221; global_colors_info=&#8221;{}&#8221;][\/et_pb_column][\/et_pb_row][\/et_pb_section]<\/p>\n\t\t\t<div class=\"rqt-editorial-date-row rqt-global-text\">\n\t\t\t\t<p class=\"rqt-editorial-date\">Last update: November 28, 2024 <\/p>\n\n\t\t\t<\/div>\t\t\t\t\n\t\t","protected":false},"excerpt":{"rendered":"<p>Mission, vision and valuesThe R\u00e9seau qu\u00e9b\u00e9cois de la t\u00e9l\u00e9sant\u00e9 (RQT) mobilizes expert resources in the clinical, technological, management and communications fields. This enables it to offer province-wide strategies in support of digital transformation. Through its role in monitoring, supporting, identifying directions and developing best practices, the RQT plays a central role in the implementation and [&hellip;]<\/p>\n","protected":false},"author":17,"featured_media":0,"parent":14854,"menu_order":0,"comment_status":"closed","ping_status":"closed","template":"","meta":{"_acf_changed":false,"_et_pb_use_builder":"on","_et_pb_old_content":"","_et_gb_content_width":"","footnotes":""},"class_list":["post-9990","page","type-page","status-publish","hentry"],"acf":[],"_links":{"self":[{"href":"https:\/\/telesantequebec.ca\/en\/wp-json\/wp\/v2\/pages\/9990","targetHints":{"allow":["GET"]}}],"collection":[{"href":"https:\/\/telesantequebec.ca\/en\/wp-json\/wp\/v2\/pages"}],"about":[{"href":"https:\/\/telesantequebec.ca\/en\/wp-json\/wp\/v2\/types\/page"}],"author":[{"embeddable":true,"href":"https:\/\/telesantequebec.ca\/en\/wp-json\/wp\/v2\/users\/17"}],"replies":[{"embeddable":true,"href":"https:\/\/telesantequebec.ca\/en\/wp-json\/wp\/v2\/comments?post=9990"}],"version-history":[{"count":10,"href":"https:\/\/telesantequebec.ca\/en\/wp-json\/wp\/v2\/pages\/9990\/revisions"}],"predecessor-version":[{"id":9004111222092140,"href":"https:\/\/telesantequebec.ca\/en\/wp-json\/wp\/v2\/pages\/9990\/revisions\/9004111222092140"}],"up":[{"embeddable":true,"href":"https:\/\/telesantequebec.ca\/en\/wp-json\/wp\/v2\/pages\/14854"}],"wp:attachment":[{"href":"https:\/\/telesantequebec.ca\/en\/wp-json\/wp\/v2\/media?parent=9990"}],"curies":[{"name":"wp","href":"https:\/\/api.w.org\/{rel}","templated":true}]}}